{"id":54629,"date":"2025-05-02T10:00:17","date_gmt":"2025-05-02T08:00:17","guid":{"rendered":"https:\/\/gysinge.100procent.dev\/produkt\/clickskrapa-reservblad-5-pack\/"},"modified":"2025-05-20T10:10:30","modified_gmt":"2025-05-20T08:10:30","slug":"clickskrapa-reservblad-5-pack","status":"publish","type":"product","link":"https:\/\/gysinge.100procent.dev\/en\/produkt\/clickskrapa-reservblad-5-pack\/","title":{"rendered":"Clickskrapa reservblad 5 pack"},"content":{"rendered":"<p>Bladen passar till Clickskrapan. Anv\u00e4nds f\u00f6r att sk\u00e4ra loss f\u00e4rg, fog, spackel, kitt och andra bel\u00e4ggningar. Utm\u00e4rkt f\u00f6r att reng\u00f6ra f\u00f6nster, stenskivor, spish\u00e4llar, glas, metall, kakel och andra h\u00e5rda objekt. Vid anv\u00e4ndning p\u00e5 mjuka underlag som m\u00e5lade ytor och tr\u00e4golv m\u00e5ste man vara f\u00f6rsiktig f\u00f6r att inte skada underlaget. Ryggblad har m\u00e5tt 20&#215;39 mm och har en vass egg som \u00e4r dubbelslipad. Tillverkad av kolst\u00e5l f\u00f6r optimal h\u00e5llbarhet. Anv\u00e4nds med\u00a0 Clickskrapa.<\/p>\n","protected":false},"excerpt":{"rendered":"<p>Ryggblad har m\u00e5tt 20&#215;39 mm och har en vass egg som \u00e4r dubbelslipad. Tillverkad av kolst\u00e5l f\u00f6r optimal h\u00e5llbarhet. Anv\u00e4nds med\u00a0 Clickskrapa.<\/p>\n","protected":false},"featured_media":54636,"comment_status":"open","ping_status":"closed","template":"","meta":{"_acf_changed":false},"product_brand":[],"product_cat":[830],"product_tag":[],"class_list":{"0":"post-54629","1":"product","2":"type-product","3":"status-publish","4":"has-post-thumbnail","6":"product_cat-fargskrapor-och-verktyg","8":"first","9":"instock","10":"taxable","11":"shipping-taxable","12":"purchasable","13":"product-type-simple","14":"add-to-wishlist-before_image"},"acf":[],"_links":{"self":[{"href":"https:\/\/gysinge.100procent.dev\/en\/wp-json\/wp\/v2\/product\/54629","targetHints":{"allow":["GET"]}}],"collection":[{"href":"https:\/\/gysinge.100procent.dev\/en\/wp-json\/wp\/v2\/product"}],"about":[{"href":"https:\/\/gysinge.100procent.dev\/en\/wp-json\/wp\/v2\/types\/product"}],"replies":[{"embeddable":true,"href":"https:\/\/gysinge.100procent.dev\/en\/wp-json\/wp\/v2\/comments?post=54629"}],"wp:featuredmedia":[{"embeddable":true,"href":"https:\/\/gysinge.100procent.dev\/en\/wp-json\/wp\/v2\/media\/54636"}],"wp:attachment":[{"href":"https:\/\/gysinge.100procent.dev\/en\/wp-json\/wp\/v2\/media?parent=54629"}],"wp:term":[{"taxonomy":"product_brand","embeddable":true,"href":"https:\/\/gysinge.100procent.dev\/en\/wp-json\/wp\/v2\/product_brand?post=54629"},{"taxonomy":"product_cat","embeddable":true,"href":"https:\/\/gysinge.100procent.dev\/en\/wp-json\/wp\/v2\/product_cat?post=54629"},{"taxonomy":"product_tag","embeddable":true,"href":"https:\/\/gysinge.100procent.dev\/en\/wp-json\/wp\/v2\/product_tag?post=54629"}],"curies":[{"name":"wp","href":"https:\/\/api.w.org\/{rel}","templated":true}]}}