{"id":54509,"date":"2025-04-29T09:00:14","date_gmt":"2025-04-29T07:00:14","guid":{"rendered":"https:\/\/gysinge.100procent.dev\/produkt\/handbok-i-praktisk-odehusraddning\/"},"modified":"2025-05-20T02:37:07","modified_gmt":"2025-05-20T00:37:07","slug":"handbok-i-praktisk-odehusraddning","status":"publish","type":"product","link":"https:\/\/gysinge.100procent.dev\/en\/produkt\/handbok-i-praktisk-odehusraddning\/","title":{"rendered":"Handbok i praktisk \u00f6dehusr\u00e4ddning"},"content":{"rendered":"<p>P\u00e5 m\u00e5nga s\u00e4tt skiljer sig tanke- och arbetss\u00e4ttet mot normal renovering d\u00e5 man ofta m\u00e5ste utg\u00e5 fr\u00e5n ett mycket s\u00e4mre utg\u00e5ngsl\u00e4ge \u00e4n ett normalt hus. Att r\u00e4dda ett \u00f6dehus \u00e4r klimatsmart och ekonomiskt. Att ta tillvara det redan byggda inneb\u00e4r ofta ett bra l\u00e4ge i landskapet och sunda material som g\u00e5r att reparera och underh\u00e5lla i \u00e5rhundranden. Boken kan \u00e4ven fungera som inspiration f\u00f6r de som funderar p\u00e5 att ta sig an och renovera ett gammalt hus.<\/p>\n<p>Den h\u00e4r handboken \u00e4r t\u00e4nkt att vara till hj\u00e4lp f\u00f6r dig som planerar att k\u00f6pa och renovera ett \u00f6dehus.<\/p>\n<p>Antal sidor 204<\/p>\n<p>Utgivningsdatum 2025-04-23<\/p>\n<dl class=\"product-page__facts u-bc-wild-sand\">\n<dt>ISBN 9789153139584<\/dt>\n<\/dl>\n","protected":false},"excerpt":{"rendered":"<p>Den h\u00e4r handboken \u00e4r t\u00e4nkt att vara till hj\u00e4lp f\u00f6r dig som planerar att k\u00f6pa och renovera ett \u00f6dehus.<\/p>\n","protected":false},"featured_media":54518,"comment_status":"open","ping_status":"closed","template":"","meta":{"_acf_changed":false},"product_brand":[],"product_cat":[891],"product_tag":[],"class_list":{"0":"post-54509","1":"product","2":"type-product","3":"status-publish","4":"has-post-thumbnail","6":"product_cat-bocker-om-byggnadsvard","8":"first","9":"instock","10":"taxable","11":"shipping-taxable","12":"purchasable","13":"product-type-simple","14":"add-to-wishlist-before_image"},"acf":[],"_links":{"self":[{"href":"https:\/\/gysinge.100procent.dev\/en\/wp-json\/wp\/v2\/product\/54509","targetHints":{"allow":["GET"]}}],"collection":[{"href":"https:\/\/gysinge.100procent.dev\/en\/wp-json\/wp\/v2\/product"}],"about":[{"href":"https:\/\/gysinge.100procent.dev\/en\/wp-json\/wp\/v2\/types\/product"}],"replies":[{"embeddable":true,"href":"https:\/\/gysinge.100procent.dev\/en\/wp-json\/wp\/v2\/comments?post=54509"}],"wp:featuredmedia":[{"embeddable":true,"href":"https:\/\/gysinge.100procent.dev\/en\/wp-json\/wp\/v2\/media\/54518"}],"wp:attachment":[{"href":"https:\/\/gysinge.100procent.dev\/en\/wp-json\/wp\/v2\/media?parent=54509"}],"wp:term":[{"taxonomy":"product_brand","embeddable":true,"href":"https:\/\/gysinge.100procent.dev\/en\/wp-json\/wp\/v2\/product_brand?post=54509"},{"taxonomy":"product_cat","embeddable":true,"href":"https:\/\/gysinge.100procent.dev\/en\/wp-json\/wp\/v2\/product_cat?post=54509"},{"taxonomy":"product_tag","embeddable":true,"href":"https:\/\/gysinge.100procent.dev\/en\/wp-json\/wp\/v2\/product_tag?post=54509"}],"curies":[{"name":"wp","href":"https:\/\/api.w.org\/{rel}","templated":true}]}}