{"id":51488,"date":"2024-07-12T15:31:37","date_gmt":"2024-07-12T13:31:37","guid":{"rendered":"https:\/\/gysinge.100procent.dev\/produkt\/the-custodians-library\/"},"modified":"2025-03-03T14:38:26","modified_gmt":"2025-03-03T13:38:26","slug":"the-custodians-library","status":"publish","type":"product","link":"https:\/\/gysinge.100procent.dev\/en\/produkt\/the-custodians-library\/","title":{"rendered":"The custodian&#8217;s library"},"content":{"rendered":"<p>Byggnadsv\u00e5rdarens bibliotek is a collection of Gysinge&#8217;s own useful book series &#8211; Byggnadsv\u00e5rd i praktiken. Written by G\u00f6ran Gudmundsson, one of the enthusiasts and founders of Gysinge Center for Building Conservation. Cardboard box in matte paper.  <\/p>\n<p>The books are invaluable for anyone who owns or has recently bought an old house that needs looking after. They provide in-depth practical tips, advice on construction, style eras, restoration and approaches to building care for the different areas indicated by the books&#8217; titles: <\/p>\n<p><em>Relocation of old houses<\/em><\/p>\n<p><em>The heat in old houses<\/em><\/p>\n<p><em>Exterior renovation<\/em><\/p>\n<p><em>Interior renovation<\/em><\/p>\n<p><em>Painted floors<\/em><\/p>\n<p>The books can also be purchased separately, but the package price for the collected books is significantly cheaper.<\/p>\n","protected":false},"excerpt":{"rendered":"<ol>\n<li> <a href=\"https:\/\/gysinge.100procent.dev\/products\/439\/flyttning-av-gamla-hus\">Relocation of old houses<\/a><\/li>\n<li> <a href=\"https:\/\/gysinge.100procent.dev\/products\/440\/v%C3%A4rmen-i-gamla-hus\">The heat in old houses<\/a><\/li>\n<li> <a href=\"https:\/\/gysinge.100procent.dev\/products\/444\/utv%C3%A4ndig-renovering\">Exterior renovation<\/a><\/li>\n<li> <a href=\"https:\/\/gysinge.100procent.dev\/products\/443\/inv%C3%A4ndig-renovering\">Interior renovation<\/a><\/li>\n<li> <a href=\"https:\/\/gysinge.100procent.dev\/products\/701\/m%C3%A5lade-golv\">Painted floors<\/a><\/li>\n<\/ol>\n","protected":false},"featured_media":34996,"comment_status":"open","ping_status":"closed","template":"","meta":{"_acf_changed":false},"product_brand":[],"product_cat":[1019],"product_tag":[],"class_list":{"0":"post-51488","1":"product","2":"type-product","3":"status-publish","4":"has-post-thumbnail","6":"product_cat-books","8":"first","9":"instock","10":"taxable","11":"shipping-taxable","12":"purchasable","13":"product-type-simple","14":"add-to-wishlist-before_image"},"acf":[],"_links":{"self":[{"href":"https:\/\/gysinge.100procent.dev\/en\/wp-json\/wp\/v2\/product\/51488","targetHints":{"allow":["GET"]}}],"collection":[{"href":"https:\/\/gysinge.100procent.dev\/en\/wp-json\/wp\/v2\/product"}],"about":[{"href":"https:\/\/gysinge.100procent.dev\/en\/wp-json\/wp\/v2\/types\/product"}],"replies":[{"embeddable":true,"href":"https:\/\/gysinge.100procent.dev\/en\/wp-json\/wp\/v2\/comments?post=51488"}],"wp:featuredmedia":[{"embeddable":true,"href":"https:\/\/gysinge.100procent.dev\/en\/wp-json\/wp\/v2\/media\/34996"}],"wp:attachment":[{"href":"https:\/\/gysinge.100procent.dev\/en\/wp-json\/wp\/v2\/media?parent=51488"}],"wp:term":[{"taxonomy":"product_brand","embeddable":true,"href":"https:\/\/gysinge.100procent.dev\/en\/wp-json\/wp\/v2\/product_brand?post=51488"},{"taxonomy":"product_cat","embeddable":true,"href":"https:\/\/gysinge.100procent.dev\/en\/wp-json\/wp\/v2\/product_cat?post=51488"},{"taxonomy":"product_tag","embeddable":true,"href":"https:\/\/gysinge.100procent.dev\/en\/wp-json\/wp\/v2\/product_tag?post=51488"}],"curies":[{"name":"wp","href":"https:\/\/api.w.org\/{rel}","templated":true}]}}