{"id":51458,"date":"2024-07-12T15:31:38","date_gmt":"2024-07-12T13:31:38","guid":{"rendered":"https:\/\/gysinge.100procent.dev\/produkt\/curtain-fabric-thea-blue-white-check\/"},"modified":"2025-03-03T14:37:54","modified_gmt":"2025-03-03T13:37:54","slug":"curtain-fabric-thea-blue-white-check","status":"publish","type":"product","link":"https:\/\/gysinge.100procent.dev\/en\/produkt\/curtain-fabric-thea-blue-white-check\/","title":{"rendered":"Curtain fabric Thea blue\/white check"},"content":{"rendered":"<p>What is unusual about this curtain is the discrete color element in the form of thin, large squares surrounding groups of &#8220;mosquito scale windows&#8221; in the pattern. This makes the curtain very modern, yet very traditional. <\/p>\n<p>Mosquito net curtains are usually plain white. Another unusual feature is that it is as narrow, only 65 centimeters, as a modern panel curtain, which also means that its width still feels very current. So-called panel curtains can be hung completely smooth, so that the pattern appears, but without the curtains obscuring the view. All in all, &#8220;Thea&#8221; is a suitable curtain for both the small windows in the cottage and the large ones in the city. The narrow width also means that the curtain can easily be pinned to a curtain board, preferably draped, as the neat selvedges do not even need to be hemmed.    <\/p>\n<p>Thea Olsson (1902-1993) was the only daughter of the G\u00e4stgivarns mining estate in Wall, which is one of the best-preserved mining estates in the Tors\u00e5ker region of G\u00e4strikland. When she died, she left behind a lot of valuable movable property, which was auctioned off because she had no family, but a large number of &#8220;useless&#8221; items remained on the farm, including this curtain, which she probably wove herself. <\/p>\n<p>Thea Olsson and her mother Ida were known to be good at needlework. This curtain pattern is a non-period pattern, which probably left the loom sometime between 1920 and 1940. <\/p><\/p>\n","protected":false},"excerpt":{"rendered":"<p>Half-lining. Mosquito repellent technique. Shrinks slightly. Available in two colorways; White and dark blue (original) and white, dark blue and red.    The price is per meter.<\/p>\n","protected":false},"featured_media":38290,"comment_status":"open","ping_status":"closed","template":"","meta":{"_acf_changed":false},"product_brand":[],"product_cat":[1133],"product_tag":[],"class_list":{"0":"post-51458","1":"product","2":"type-product","3":"status-publish","4":"has-post-thumbnail","6":"product_cat-fabrics","8":"first","9":"instock","10":"taxable","11":"shipping-taxable","12":"purchasable","13":"product-type-simple","14":"add-to-wishlist-before_image"},"acf":[],"_links":{"self":[{"href":"https:\/\/gysinge.100procent.dev\/en\/wp-json\/wp\/v2\/product\/51458","targetHints":{"allow":["GET"]}}],"collection":[{"href":"https:\/\/gysinge.100procent.dev\/en\/wp-json\/wp\/v2\/product"}],"about":[{"href":"https:\/\/gysinge.100procent.dev\/en\/wp-json\/wp\/v2\/types\/product"}],"replies":[{"embeddable":true,"href":"https:\/\/gysinge.100procent.dev\/en\/wp-json\/wp\/v2\/comments?post=51458"}],"wp:featuredmedia":[{"embeddable":true,"href":"https:\/\/gysinge.100procent.dev\/en\/wp-json\/wp\/v2\/media\/38290"}],"wp:attachment":[{"href":"https:\/\/gysinge.100procent.dev\/en\/wp-json\/wp\/v2\/media?parent=51458"}],"wp:term":[{"taxonomy":"product_brand","embeddable":true,"href":"https:\/\/gysinge.100procent.dev\/en\/wp-json\/wp\/v2\/product_brand?post=51458"},{"taxonomy":"product_cat","embeddable":true,"href":"https:\/\/gysinge.100procent.dev\/en\/wp-json\/wp\/v2\/product_cat?post=51458"},{"taxonomy":"product_tag","embeddable":true,"href":"https:\/\/gysinge.100procent.dev\/en\/wp-json\/wp\/v2\/product_tag?post=51458"}],"curies":[{"name":"wp","href":"https:\/\/api.w.org\/{rel}","templated":true}]}}