{"id":51447,"date":"2024-07-12T15:31:37","date_gmt":"2024-07-12T13:31:37","guid":{"rendered":"https:\/\/gysinge.100procent.dev\/produkt\/curtain-fabric-karls-striped-mosquito-scale\/"},"modified":"2025-03-03T14:37:49","modified_gmt":"2025-03-03T13:37:49","slug":"curtain-fabric-karls-striped-mosquito-scale","status":"publish","type":"product","link":"https:\/\/gysinge.100procent.dev\/en\/produkt\/curtain-fabric-karls-striped-mosquito-scale\/","title":{"rendered":"Curtain fabric Karls striped mosquito scale"},"content":{"rendered":"<p>Curtains of this type are universal. They were present in all social environments from the 19th to the early 20th century. They were available both as curtain robes on boards and as long curtains. Mounted as a cape, you get two capes out of the width of the curtain.   <\/p>\n<p><strong>History:<\/strong> In the late 1920s, Karlsg\u00e5rden in J\u00e4rvs\u00f6, one of Sweden&#8217;s most well-preserved old farms, was inaugurated. For the new role as a museum farm, Karls was provided with newly woven curtains in traditional style from Hemsl\u00f6jden. The newly composed pattern was named &#8220;Karlsg\u00e5rdsgardinen&#8221;. By chance, however, one of the neighbors of the farm took one of the old curtains that was still hanging. Much simpler and much more archaic in pattern. As if by chance, the same neighbor rewove the pattern in the 1960s, but the curtain and its important original story fell into oblivion for a while. Now Gysinge has rediscovered the old curtains, woven new samples, test washed, ironed and mangled. And we feel that we have one of Sweden&#8217;s most beautiful, refined, simple and genuine curtains to offer our customers. The curtain is available in plaid with a simple &#8220;checkerboard&#8221; (original) and as a &#8220;stick striped&#8221; with equal width stripes over the entire surface. Less is more, you could say about both patterns.         <\/p><\/p>\n","protected":false},"excerpt":{"rendered":"<p>Cotton warp with linen weft. Mosquito repellent technique.  Washing instructions<strong><br \/><\/strong>Shrinks about 6-7 percent. Hand or machine wash 40 degrees. Let drip dry, do not spin.   The price is per meter. NOTE the pattern appears after the first wash.<\/p>\n","protected":false},"featured_media":28356,"comment_status":"open","ping_status":"closed","template":"","meta":{"_acf_changed":false},"product_brand":[],"product_cat":[1133],"product_tag":[],"class_list":{"0":"post-51447","1":"product","2":"type-product","3":"status-publish","4":"has-post-thumbnail","6":"product_cat-fabrics","8":"first","9":"instock","10":"taxable","11":"shipping-taxable","12":"purchasable","13":"product-type-simple","14":"add-to-wishlist-before_image"},"acf":[],"_links":{"self":[{"href":"https:\/\/gysinge.100procent.dev\/en\/wp-json\/wp\/v2\/product\/51447","targetHints":{"allow":["GET"]}}],"collection":[{"href":"https:\/\/gysinge.100procent.dev\/en\/wp-json\/wp\/v2\/product"}],"about":[{"href":"https:\/\/gysinge.100procent.dev\/en\/wp-json\/wp\/v2\/types\/product"}],"replies":[{"embeddable":true,"href":"https:\/\/gysinge.100procent.dev\/en\/wp-json\/wp\/v2\/comments?post=51447"}],"wp:featuredmedia":[{"embeddable":true,"href":"https:\/\/gysinge.100procent.dev\/en\/wp-json\/wp\/v2\/media\/28356"}],"wp:attachment":[{"href":"https:\/\/gysinge.100procent.dev\/en\/wp-json\/wp\/v2\/media?parent=51447"}],"wp:term":[{"taxonomy":"product_brand","embeddable":true,"href":"https:\/\/gysinge.100procent.dev\/en\/wp-json\/wp\/v2\/product_brand?post=51447"},{"taxonomy":"product_cat","embeddable":true,"href":"https:\/\/gysinge.100procent.dev\/en\/wp-json\/wp\/v2\/product_cat?post=51447"},{"taxonomy":"product_tag","embeddable":true,"href":"https:\/\/gysinge.100procent.dev\/en\/wp-json\/wp\/v2\/product_tag?post=51447"}],"curies":[{"name":"wp","href":"https:\/\/api.w.org\/{rel}","templated":true}]}}