{"id":51299,"date":"2024-07-12T15:31:55","date_gmt":"2024-07-12T13:31:55","guid":{"rendered":"https:\/\/gysinge.100procent.dev\/produkt\/wallpaper-border-farnebo\/"},"modified":"2025-03-03T14:34:09","modified_gmt":"2025-03-03T13:34:09","slug":"wallpaper-border-farnebo","status":"publish","type":"product","link":"https:\/\/gysinge.100procent.dev\/en\/produkt\/wallpaper-border-farnebo\/","title":{"rendered":"Wallpaper border F\u00e4rnebo"},"content":{"rendered":"<p>Wallpaper border 1920s with patterns of lingonberries and leaf garlands. Copied from wallpaper finds from the walls of our exhibition building, N\u00e4stg\u00e5rds, in Gysinge.   <\/p>\n<p>The wallpaper F\u00e4rnebo has the same color scheme but with patterns of flowers, leaf garlands and bows.<\/p>\n<p>Length per roll 10 meters, width 6 centimeters.<\/p>\n","protected":false},"excerpt":{"rendered":"<p>Wallpaper border 1920s with patterns of lingonberries and leaf garlands. Copied from wallpaper finds from the walls of our exhibition building, N\u00e4stg\u00e5rds, in Gysinge. The wallpaper F\u00e4rnebo has the same color scheme but with patterns of flowers, leaf garlands and bows. Length per roll 10 meters, width 6 centimeters.<\/p>\n","protected":false},"featured_media":36840,"comment_status":"open","ping_status":"closed","template":"","meta":{"_acf_changed":false},"product_brand":[],"product_cat":[1048],"product_tag":[],"class_list":{"0":"post-51299","1":"product","2":"type-product","3":"status-publish","4":"has-post-thumbnail","6":"product_cat-wallpapers-and-borders","8":"first","9":"instock","10":"taxable","11":"shipping-taxable","12":"purchasable","13":"product-type-simple","14":"add-to-wishlist-before_image"},"acf":[],"_links":{"self":[{"href":"https:\/\/gysinge.100procent.dev\/en\/wp-json\/wp\/v2\/product\/51299","targetHints":{"allow":["GET"]}}],"collection":[{"href":"https:\/\/gysinge.100procent.dev\/en\/wp-json\/wp\/v2\/product"}],"about":[{"href":"https:\/\/gysinge.100procent.dev\/en\/wp-json\/wp\/v2\/types\/product"}],"replies":[{"embeddable":true,"href":"https:\/\/gysinge.100procent.dev\/en\/wp-json\/wp\/v2\/comments?post=51299"}],"wp:featuredmedia":[{"embeddable":true,"href":"https:\/\/gysinge.100procent.dev\/en\/wp-json\/wp\/v2\/media\/36840"}],"wp:attachment":[{"href":"https:\/\/gysinge.100procent.dev\/en\/wp-json\/wp\/v2\/media?parent=51299"}],"wp:term":[{"taxonomy":"product_brand","embeddable":true,"href":"https:\/\/gysinge.100procent.dev\/en\/wp-json\/wp\/v2\/product_brand?post=51299"},{"taxonomy":"product_cat","embeddable":true,"href":"https:\/\/gysinge.100procent.dev\/en\/wp-json\/wp\/v2\/product_cat?post=51299"},{"taxonomy":"product_tag","embeddable":true,"href":"https:\/\/gysinge.100procent.dev\/en\/wp-json\/wp\/v2\/product_tag?post=51299"}],"curies":[{"name":"wp","href":"https:\/\/api.w.org\/{rel}","templated":true}]}}