{"id":50665,"date":"2024-07-12T15:32:31","date_gmt":"2024-07-12T13:32:31","guid":{"rendered":"https:\/\/gysinge.100procent.dev\/produkt\/the-tiled-stove-in-sweden\/"},"modified":"2025-02-28T16:53:16","modified_gmt":"2025-02-28T15:53:16","slug":"the-tiled-stove-in-sweden","status":"publish","type":"product","link":"https:\/\/gysinge.100procent.dev\/en\/produkt\/the-tiled-stove-in-sweden\/","title":{"rendered":"The tiled stove in Sweden"},"content":{"rendered":"<p>The tiled stove in Sweden &#8211; part two in the series Perspectives from the Engelsberg World Heritage Site.<\/p>\n<p>Until the beginning of the 20th century, the tiled stove remained by far the most important source of heat in Swedish homes. Both the technology and the aesthetics were refined, even though the same basic principle is still used today in tiled stove installations. Today, the tiled stove is an important example of the Enlightenment&#8217;s work with technology, science and craftsmanship.  <\/p>\n<p>In 1767, the architect and superintendent Carl Johan Cronstedt presented a memorial entitled &#8220;Beskrifning p\u00e5 Ny Inr\u00e4ttning af Kakelugnar til Weds Besparing f\u00f6r Rikets r\u00e5d&#8221;. It described a revolutionary construction that would change Swedish architecture and housekeeping for the next hundred and fifty years: the modern tiled stove. <\/p>\n<p>The anthology is part of the series Perspectives from the Engelsberg Mill World Heritage Site. Previously published titles in the series are Tapeter genom tiderna. Future titles will also include Gardens during the age of the mills.  <\/p>\n<p>The editors-in-chief are Kurt Almqvist and Svante Helmbaek Tir\u00e9n.<\/p>\n","protected":false},"excerpt":{"rendered":"<p>The tiled stove in Sweden &#8211; part two in the series Perspectives from the Engelsberg World Heritage Site. Until the beginning of the 20th century, the tiled stove remained by far the most important source of heat in Swedish homes. Both the technology and the aesthetics were refined, even though the same basic principle is [&hellip;]<\/p>\n","protected":false},"featured_media":36432,"comment_status":"open","ping_status":"closed","template":"","meta":{"_acf_changed":false},"product_brand":[],"product_cat":[1019],"product_tag":[],"class_list":{"0":"post-50665","1":"product","2":"type-product","3":"status-publish","4":"has-post-thumbnail","6":"product_cat-books","8":"first","9":"instock","10":"taxable","11":"shipping-taxable","12":"purchasable","13":"product-type-simple","14":"add-to-wishlist-before_image"},"acf":[],"_links":{"self":[{"href":"https:\/\/gysinge.100procent.dev\/en\/wp-json\/wp\/v2\/product\/50665","targetHints":{"allow":["GET"]}}],"collection":[{"href":"https:\/\/gysinge.100procent.dev\/en\/wp-json\/wp\/v2\/product"}],"about":[{"href":"https:\/\/gysinge.100procent.dev\/en\/wp-json\/wp\/v2\/types\/product"}],"replies":[{"embeddable":true,"href":"https:\/\/gysinge.100procent.dev\/en\/wp-json\/wp\/v2\/comments?post=50665"}],"wp:featuredmedia":[{"embeddable":true,"href":"https:\/\/gysinge.100procent.dev\/en\/wp-json\/wp\/v2\/media\/36432"}],"wp:attachment":[{"href":"https:\/\/gysinge.100procent.dev\/en\/wp-json\/wp\/v2\/media?parent=50665"}],"wp:term":[{"taxonomy":"product_brand","embeddable":true,"href":"https:\/\/gysinge.100procent.dev\/en\/wp-json\/wp\/v2\/product_brand?post=50665"},{"taxonomy":"product_cat","embeddable":true,"href":"https:\/\/gysinge.100procent.dev\/en\/wp-json\/wp\/v2\/product_cat?post=50665"},{"taxonomy":"product_tag","embeddable":true,"href":"https:\/\/gysinge.100procent.dev\/en\/wp-json\/wp\/v2\/product_tag?post=50665"}],"curies":[{"name":"wp","href":"https:\/\/api.w.org\/{rel}","templated":true}]}}