{"id":50649,"date":"2024-07-12T15:32:30","date_gmt":"2024-07-12T13:32:30","guid":{"rendered":"https:\/\/gysinge.100procent.dev\/produkt\/handbook-for-stenciling\/"},"modified":"2025-02-28T16:53:06","modified_gmt":"2025-02-28T15:53:06","slug":"handbook-for-stenciling","status":"publish","type":"product","link":"https:\/\/gysinge.100procent.dev\/en\/produkt\/handbook-for-stenciling\/","title":{"rendered":"Handbook for stenciling"},"content":{"rendered":"<p style=\"box-sizing: border-box; margin: 0px 0px 20px; padding: 0px; border: 0px; outline: 0px; font-variant-numeric: inherit; font-variant-east-asian: inherit; font-stretch: inherit; font-size: 13px; line-height: inherit; vertical-align: baseline; font-family: 'Open Sans', 'Helvetica Neue', Arial, sans-serif; color: #666666;\">The Painting Workshop works on renovating old paintings, repainting using old techniques and developing new products inspired by the traditional painting of the H\u00e4lsingland farms. The Painting Workshop holds lectures and workshops on painting at the World Heritage Farms in H\u00e4lsingland. <\/p>\n<p style=\"box-sizing: border-box; margin: 0px 0px 20px; padding: 0px; border: 0px; outline: 0px; font-variant-numeric: inherit; font-variant-east-asian: inherit; font-stretch: inherit; font-size: 13px; line-height: inherit; vertical-align: baseline; font-family: 'Open Sans', 'Helvetica Neue', Arial, sans-serif; color: #666666;\">Anna-Carin \u00c5sbrink has been working with old painting techniques for over 40 years and shares here the many skills in stencil painting she has accumulated over the years.<\/p>\n<p style=\"box-sizing: border-box; margin: 0px 0px 20px; padding: 0px; border: 0px; outline: 0px; font-variant-numeric: inherit; font-variant-east-asian: inherit; font-stretch: inherit; font-size: 13px; line-height: inherit; vertical-align: baseline; font-family: 'Open Sans', 'Helvetica Neue', Arial, sans-serif; color: #666666;\">The 24-page booklet describes stenciling on walls, borders and blinds. Includes tips on tools, techniques and color mixing of egg oil tempera. It also describes paintings from H\u00e4lsingland, which at the same time is universal for all stencil painting.  <\/p>\n","protected":false},"excerpt":{"rendered":"<p>The Painting Workshop works on renovating old paintings, repainting using old techniques and developing new products inspired by the traditional painting of the H\u00e4lsingland farms. The Painting Workshop holds lectures and workshops on painting at the World Heritage Farms in H\u00e4lsingland. Anna-Carin \u00c5sbrink has been working with old painting techniques for over 40 years and [&hellip;]<\/p>\n","protected":false},"featured_media":36322,"comment_status":"open","ping_status":"closed","template":"","meta":{"_acf_changed":false},"product_brand":[],"product_cat":[1019],"product_tag":[],"class_list":{"0":"post-50649","1":"product","2":"type-product","3":"status-publish","4":"has-post-thumbnail","6":"product_cat-books","8":"first","9":"instock","10":"taxable","11":"shipping-taxable","12":"purchasable","13":"product-type-simple","14":"add-to-wishlist-before_image"},"acf":[],"_links":{"self":[{"href":"https:\/\/gysinge.100procent.dev\/en\/wp-json\/wp\/v2\/product\/50649","targetHints":{"allow":["GET"]}}],"collection":[{"href":"https:\/\/gysinge.100procent.dev\/en\/wp-json\/wp\/v2\/product"}],"about":[{"href":"https:\/\/gysinge.100procent.dev\/en\/wp-json\/wp\/v2\/types\/product"}],"replies":[{"embeddable":true,"href":"https:\/\/gysinge.100procent.dev\/en\/wp-json\/wp\/v2\/comments?post=50649"}],"wp:featuredmedia":[{"embeddable":true,"href":"https:\/\/gysinge.100procent.dev\/en\/wp-json\/wp\/v2\/media\/36322"}],"wp:attachment":[{"href":"https:\/\/gysinge.100procent.dev\/en\/wp-json\/wp\/v2\/media?parent=50649"}],"wp:term":[{"taxonomy":"product_brand","embeddable":true,"href":"https:\/\/gysinge.100procent.dev\/en\/wp-json\/wp\/v2\/product_brand?post=50649"},{"taxonomy":"product_cat","embeddable":true,"href":"https:\/\/gysinge.100procent.dev\/en\/wp-json\/wp\/v2\/product_cat?post=50649"},{"taxonomy":"product_tag","embeddable":true,"href":"https:\/\/gysinge.100procent.dev\/en\/wp-json\/wp\/v2\/product_tag?post=50649"}],"curies":[{"name":"wp","href":"https:\/\/api.w.org\/{rel}","templated":true}]}}