{"id":50640,"date":"2024-07-12T15:32:29","date_gmt":"2024-07-12T13:32:29","guid":{"rendered":"https:\/\/gysinge.100procent.dev\/produkt\/wallpaper-through-the-ages\/"},"modified":"2025-02-28T16:52:59","modified_gmt":"2025-02-28T15:52:59","slug":"wallpaper-through-the-ages","status":"publish","type":"product","link":"https:\/\/gysinge.100procent.dev\/en\/produkt\/wallpaper-through-the-ages\/","title":{"rendered":"Wallpaper through the ages"},"content":{"rendered":"<p>Wallpaper through the ages &#8211; Perspectives from the Engelsberg Mill World Heritage Site.<\/p>\n<p>Wallpaper has been one of our most important wall decorations for centuries and in various forms. Attitudes towards wallpaper have changed over time, especially in recent decades, but today there is a strong and growing interest in wallpaper and the historic preservation of buildings.  <\/p>\n<p>This book, which is the first stand-alone volume in a series on the Engelsberg Mill World Heritage Site, contributes to a better understanding of the history of wallpaper. Through the rich array of illustrations, both historical and modern, experts in several subjects share their in-depth knowledge of wallpaper, both as a craft and as an expression of different decorative ideals. <\/p>\n<p>130 illustrations. Edition: French binding with gold foil and printed cover, wire-bound. 24 x 31 cm. 200 pages.   <\/p>\n<p>Authors: Erika \u00c5berg, Lars Sj\u00f6berg, Stina Olinder Haubo, Ursula Sj\u00f6berg, Mats Qwarfordt, Martin Olin, Sara Lundstr\u00f6m.<\/p>\n<p>Editors-in-chief: Svante Holmbaek Tir\u00e9n, Kurt Almqvist.<\/p>\n<p>Design: Patric Leo.<\/p>\n","protected":false},"excerpt":{"rendered":"<p>Essay writer:<\/p>\n<p>Svante Helmbaek Tir\u00e9n &#8211; freelance writer and curator specializing in the history of architecture and decoration. He has worked with the Axel and Margaret Ax:son Johnson Foundation for Public Benefit since 2009. <\/p>\n<p>Sara Lundstr\u00f6m &#8211; designer, craftsman and educator, and works at Handtryckta Tapeter. At the bottom she has art studies and an art teacher education from Konstfack. <\/p>\n<p>Martin Olin &#8211; Associate Professor of Art History and Head of Research at the National Museum. Between 2013 and 2015 he was Deputy Director of the Swedish Institute in Rome. <\/p>\n<p>Stina Odlinder Haubo &#8211; Bachelor of Arts and researcher and writes about furniture and interior design in journals and books, including the Royal Palaces Swedish furniture during five hundred years.   <\/p>\n<p>Mats Qwarfordt &#8211; wallpaper maker and runs the family business Handtryckta Tapeter. In November 2019, he was awarded the Royal Patriotic Society&#8217;s craftsmanship medal for excellent skill. <\/p>\n<p>Lars Sj\u00f6berg &#8211; art historian, draughtsman, sculptor, graphic artist, writer and museum man. He was previously curator at the National Museum in Stockholm. <\/p>\n<p>Ursula Sj\u00f6berg &#8211; art historian and wrote her doctoral thesis on the architect C.C. Gj\u00f6rwell. She has been a curator at Kungl. Husger\u00e5dskammaren.  <\/p>\n<p>Erika \u00c5berg &#8211; architectural antiquarian educated at the University of Gotland and the University of G\u00e4vle. She works with building conservation as a freelance writer and lecturer. <\/p>\n","protected":false},"featured_media":35672,"comment_status":"open","ping_status":"closed","template":"","meta":{"_acf_changed":false},"product_brand":[],"product_cat":[1019],"product_tag":[],"class_list":{"0":"post-50640","1":"product","2":"type-product","3":"status-publish","4":"has-post-thumbnail","6":"product_cat-books","8":"first","9":"instock","10":"taxable","11":"shipping-taxable","12":"purchasable","13":"product-type-simple","14":"add-to-wishlist-before_image"},"acf":[],"_links":{"self":[{"href":"https:\/\/gysinge.100procent.dev\/en\/wp-json\/wp\/v2\/product\/50640","targetHints":{"allow":["GET"]}}],"collection":[{"href":"https:\/\/gysinge.100procent.dev\/en\/wp-json\/wp\/v2\/product"}],"about":[{"href":"https:\/\/gysinge.100procent.dev\/en\/wp-json\/wp\/v2\/types\/product"}],"replies":[{"embeddable":true,"href":"https:\/\/gysinge.100procent.dev\/en\/wp-json\/wp\/v2\/comments?post=50640"}],"wp:featuredmedia":[{"embeddable":true,"href":"https:\/\/gysinge.100procent.dev\/en\/wp-json\/wp\/v2\/media\/35672"}],"wp:attachment":[{"href":"https:\/\/gysinge.100procent.dev\/en\/wp-json\/wp\/v2\/media?parent=50640"}],"wp:term":[{"taxonomy":"product_brand","embeddable":true,"href":"https:\/\/gysinge.100procent.dev\/en\/wp-json\/wp\/v2\/product_brand?post=50640"},{"taxonomy":"product_cat","embeddable":true,"href":"https:\/\/gysinge.100procent.dev\/en\/wp-json\/wp\/v2\/product_cat?post=50640"},{"taxonomy":"product_tag","embeddable":true,"href":"https:\/\/gysinge.100procent.dev\/en\/wp-json\/wp\/v2\/product_tag?post=50640"}],"curies":[{"name":"wp","href":"https:\/\/api.w.org\/{rel}","templated":true}]}}