{"id":50247,"date":"2024-07-12T15:32:48","date_gmt":"2024-07-12T13:32:48","guid":{"rendered":"https:\/\/gysinge.100procent.dev\/produkt\/landtmann-buildings\/"},"modified":"2025-02-28T16:39:39","modified_gmt":"2025-02-28T15:39:39","slug":"landtmann-buildings","status":"publish","type":"product","link":"https:\/\/gysinge.100procent.dev\/en\/produkt\/landtmann-buildings\/","title":{"rendered":"Landtmann buildings"},"content":{"rendered":"<p>Agricultural architect Charles Emil L\u00f6fvenski\u00f6ld (1810-1888) dreamed of reforming the Swedish countryside. A new architecture characterized by both beauty and rationality would combat poverty and misery. Bright, spacious and well-planned houses for both humans and animals were the basis for a humane and prosperous society. Only when the practical was also beautiful was it truly functional.   <\/p>\n<p>  The purpose of the publication Landtmannabyggnader, hufvudsakligen f\u00f6r mindre jordbruk from 1868 was to disseminate the new findings in affordable and educational booklets with clear drawings and explanatory texts. Today, the work is an architectural classic that has had a major impact on Swedish building culture.   <\/p>\n<p>  This reproduction is supplemented by an appendix with drawings by L\u00f6fvenski\u00f6ld&#8217;s pupil and longtime collaborator Pehr August Pettersson (1841-1906). They were originally published in his Landtmannabyggnader: ritningar f\u00f6r alla omr\u00e5den inom landthush\u00e5llningen from 1891, a sequel and tribute to L\u00f6fvenski\u00f6ld&#8217;s classic work. <\/p>\n","protected":false},"excerpt":{"rendered":"<p>Agricultural architect Charles Emil L\u00f6fvenski\u00f6ld (1810-1888) dreamed of reforming the Swedish countryside. A new architecture characterized by both beauty and rationality would combat poverty and misery. Bright, spacious and well-planned houses for both humans and animals were the basis for a humane and prosperous society. Only when the practical was also beautiful was it truly [&hellip;]<\/p>\n","protected":false},"featured_media":37078,"comment_status":"open","ping_status":"closed","template":"","meta":{"_acf_changed":false},"product_brand":[],"product_cat":[1019],"product_tag":[],"class_list":{"0":"post-50247","1":"product","2":"type-product","3":"status-publish","4":"has-post-thumbnail","6":"product_cat-books","8":"first","9":"instock","10":"taxable","11":"shipping-taxable","12":"purchasable","13":"product-type-simple","14":"add-to-wishlist-before_image"},"acf":[],"_links":{"self":[{"href":"https:\/\/gysinge.100procent.dev\/en\/wp-json\/wp\/v2\/product\/50247","targetHints":{"allow":["GET"]}}],"collection":[{"href":"https:\/\/gysinge.100procent.dev\/en\/wp-json\/wp\/v2\/product"}],"about":[{"href":"https:\/\/gysinge.100procent.dev\/en\/wp-json\/wp\/v2\/types\/product"}],"replies":[{"embeddable":true,"href":"https:\/\/gysinge.100procent.dev\/en\/wp-json\/wp\/v2\/comments?post=50247"}],"wp:featuredmedia":[{"embeddable":true,"href":"https:\/\/gysinge.100procent.dev\/en\/wp-json\/wp\/v2\/media\/37078"}],"wp:attachment":[{"href":"https:\/\/gysinge.100procent.dev\/en\/wp-json\/wp\/v2\/media?parent=50247"}],"wp:term":[{"taxonomy":"product_brand","embeddable":true,"href":"https:\/\/gysinge.100procent.dev\/en\/wp-json\/wp\/v2\/product_brand?post=50247"},{"taxonomy":"product_cat","embeddable":true,"href":"https:\/\/gysinge.100procent.dev\/en\/wp-json\/wp\/v2\/product_cat?post=50247"},{"taxonomy":"product_tag","embeddable":true,"href":"https:\/\/gysinge.100procent.dev\/en\/wp-json\/wp\/v2\/product_tag?post=50247"}],"curies":[{"name":"wp","href":"https:\/\/api.w.org\/{rel}","templated":true}]}}