{"id":50158,"date":"2024-11-25T21:48:33","date_gmt":"2024-11-25T20:48:33","guid":{"rendered":"https:\/\/gysinge.100procent.dev\/produkt\/tarnsjo-tannery\/"},"modified":"2025-02-28T16:38:38","modified_gmt":"2025-02-28T15:38:38","slug":"tarnsjo-tannery","status":"publish","type":"product","link":"https:\/\/gysinge.100procent.dev\/en\/produkt\/tarnsjo-tannery\/","title":{"rendered":"T\u00e4rnsj\u00f6 Tannery"},"content":{"rendered":"<p>T\u00e4rnsj\u00f6 Garveri is located in northwest Uppland, just two miles from Gysinge. A more than 150-year-old company that is thriving more than ever and which largely works in the same way as it always has. <\/p>\n<p>The big hides are prepared in the same way as tanners have always done, using bark as the tanning agent. Skilled saddlers make the most exclusive briefcases and laptop bags alongside saddles and reins, gloves and boots. <\/p>\n<p>T\u00e4rnsj\u00f6 competes with international tanneries on the world market. Louis Vuitton has long bought its leather from T\u00e4rnsj\u00f6, as have Brooks in England and a number of other famous brand manufacturers. <\/p>\n<p>It traces the company&#8217;s development from tannery for the surrounding parishes&#8217; farms, through the period when chrome was used as a tanning agent, to today&#8217;s environmentally conscious group with a focus on quality, where the language is English and where they cooperate with forestry companies to obtain a domestic tanning agent.<\/p>\n","protected":false},"excerpt":{"rendered":"<p>Written by Kersti Kollberg. Photo by Bj\u00f6rn Ullhagen, design by Michel B. Hjorth. Published in 2016 by Balkong f\u00f6rlag. Hardcover, Swedish, 168 pages.     <\/p>\n","protected":false},"featured_media":34898,"comment_status":"open","ping_status":"closed","template":"","meta":{"_acf_changed":false},"product_brand":[],"product_cat":[1161],"product_tag":[],"class_list":{"0":"post-50158","1":"product","2":"type-product","3":"status-publish","4":"has-post-thumbnail","6":"product_cat-uncategorized","8":"first","9":"instock","10":"taxable","11":"shipping-taxable","12":"purchasable","13":"product-type-simple","14":"add-to-wishlist-before_image"},"acf":[],"_links":{"self":[{"href":"https:\/\/gysinge.100procent.dev\/en\/wp-json\/wp\/v2\/product\/50158","targetHints":{"allow":["GET"]}}],"collection":[{"href":"https:\/\/gysinge.100procent.dev\/en\/wp-json\/wp\/v2\/product"}],"about":[{"href":"https:\/\/gysinge.100procent.dev\/en\/wp-json\/wp\/v2\/types\/product"}],"replies":[{"embeddable":true,"href":"https:\/\/gysinge.100procent.dev\/en\/wp-json\/wp\/v2\/comments?post=50158"}],"wp:featuredmedia":[{"embeddable":true,"href":"https:\/\/gysinge.100procent.dev\/en\/wp-json\/wp\/v2\/media\/34898"}],"wp:attachment":[{"href":"https:\/\/gysinge.100procent.dev\/en\/wp-json\/wp\/v2\/media?parent=50158"}],"wp:term":[{"taxonomy":"product_brand","embeddable":true,"href":"https:\/\/gysinge.100procent.dev\/en\/wp-json\/wp\/v2\/product_brand?post=50158"},{"taxonomy":"product_cat","embeddable":true,"href":"https:\/\/gysinge.100procent.dev\/en\/wp-json\/wp\/v2\/product_cat?post=50158"},{"taxonomy":"product_tag","embeddable":true,"href":"https:\/\/gysinge.100procent.dev\/en\/wp-json\/wp\/v2\/product_tag?post=50158"}],"curies":[{"name":"wp","href":"https:\/\/api.w.org\/{rel}","templated":true}]}}