{"id":50127,"date":"2024-11-25T21:47:20","date_gmt":"2024-11-25T20:47:20","guid":{"rendered":"https:\/\/gysinge.100procent.dev\/produkt\/loose-curtain-knob-nastgards\/"},"modified":"2025-02-28T16:38:21","modified_gmt":"2025-02-28T15:38:21","slug":"loose-curtain-knob-nastgards","status":"publish","type":"product","link":"https:\/\/gysinge.100procent.dev\/en\/produkt\/loose-curtain-knob-nastgards\/","title":{"rendered":"Loose curtain knob N\u00e4stg\u00e5rds"},"content":{"rendered":"<p>Turned knob for curtain rod N\u00e4stg\u00e5rds from the mid-19th century.<\/p>\n<p>Untreated hand-turned birch. Length 105 mm. Curtain rod N\u00e4stg\u00e5rds can be purchased as separate parts or as a complete curtain rod set.  <\/p>\n<p>The original pole, which comes from the N\u00e4stg\u00e5rds farm in Sterte, \u00d6sterf\u00e4rnebo, one of our exhibition houses, is painted 5 percent carbon black gray and with knobs in 100 percent carbon black. The hooks are linseed oil burned and therefore black. <\/p>\n<p>NOTE!!! The price is per piece. <\/p>\n","protected":false},"excerpt":{"rendered":"<p>Turned knob for curtain rod N\u00e4stg\u00e5rds from the mid-19th century. Untreated hand-turned birch. Length 105 mm. Curtain rod N\u00e4stg\u00e5rds can be purchased as separate parts or as a complete curtain rod set. The original pole, which comes from the N\u00e4stg\u00e5rds farm in Sterte, \u00d6sterf\u00e4rnebo, one of our exhibition houses, is painted 5 percent carbon black [&hellip;]<\/p>\n","protected":false},"featured_media":28322,"comment_status":"open","ping_status":"closed","template":"","meta":{"_acf_changed":false},"product_brand":[],"product_cat":[1129],"product_tag":[],"class_list":{"0":"post-50127","1":"product","2":"type-product","3":"status-publish","4":"has-post-thumbnail","6":"product_cat-curtains-and-accessories","8":"first","9":"instock","10":"taxable","11":"shipping-taxable","12":"purchasable","13":"product-type-simple","14":"add-to-wishlist-before_image"},"acf":[],"_links":{"self":[{"href":"https:\/\/gysinge.100procent.dev\/en\/wp-json\/wp\/v2\/product\/50127","targetHints":{"allow":["GET"]}}],"collection":[{"href":"https:\/\/gysinge.100procent.dev\/en\/wp-json\/wp\/v2\/product"}],"about":[{"href":"https:\/\/gysinge.100procent.dev\/en\/wp-json\/wp\/v2\/types\/product"}],"replies":[{"embeddable":true,"href":"https:\/\/gysinge.100procent.dev\/en\/wp-json\/wp\/v2\/comments?post=50127"}],"wp:featuredmedia":[{"embeddable":true,"href":"https:\/\/gysinge.100procent.dev\/en\/wp-json\/wp\/v2\/media\/28322"}],"wp:attachment":[{"href":"https:\/\/gysinge.100procent.dev\/en\/wp-json\/wp\/v2\/media?parent=50127"}],"wp:term":[{"taxonomy":"product_brand","embeddable":true,"href":"https:\/\/gysinge.100procent.dev\/en\/wp-json\/wp\/v2\/product_brand?post=50127"},{"taxonomy":"product_cat","embeddable":true,"href":"https:\/\/gysinge.100procent.dev\/en\/wp-json\/wp\/v2\/product_cat?post=50127"},{"taxonomy":"product_tag","embeddable":true,"href":"https:\/\/gysinge.100procent.dev\/en\/wp-json\/wp\/v2\/product_tag?post=50127"}],"curies":[{"name":"wp","href":"https:\/\/api.w.org\/{rel}","templated":true}]}}