{"id":50125,"date":"2024-11-25T21:47:19","date_gmt":"2024-11-25T20:47:19","guid":{"rendered":"https:\/\/gysinge.100procent.dev\/produkt\/rod-with-buds-nastgards\/"},"modified":"2025-02-28T16:38:21","modified_gmt":"2025-02-28T15:38:21","slug":"rod-with-buds-nastgards","status":"publish","type":"product","link":"https:\/\/gysinge.100procent.dev\/en\/produkt\/rod-with-buds-nastgards\/","title":{"rendered":"Rod with buds N\u00e4stg\u00e5rds"},"content":{"rendered":"<p>Curtain rod from the mid-19th century, typical thin rod with elegant hand-turned end knobs in birch. Attached to the wall using hand-forged screw hooks. <\/p>\n<p>The original pole, which comes from the farm N\u00e4stg\u00e5rds in Sterte, \u00d6sterf\u00e4rnebo (now one of our exhibition houses) was painted with 7 percent carbon black gray and with buds in 100 percent carbon black.  <\/p>\n","protected":false},"excerpt":{"rendered":"<p>Unpainted. Stem pine. Buds birch. Length 165 cm including buds.   <\/p>\n","protected":false},"featured_media":28314,"comment_status":"open","ping_status":"closed","template":"","meta":{"_acf_changed":false},"product_brand":[],"product_cat":[1129],"product_tag":[],"class_list":{"0":"post-50125","1":"product","2":"type-product","3":"status-publish","4":"has-post-thumbnail","6":"product_cat-curtains-and-accessories","7":"product_shipping_class-additional-shipping-100-en","9":"first","10":"instock","11":"taxable","12":"shipping-taxable","13":"purchasable","14":"product-type-simple","15":"add-to-wishlist-before_image"},"acf":[],"_links":{"self":[{"href":"https:\/\/gysinge.100procent.dev\/en\/wp-json\/wp\/v2\/product\/50125","targetHints":{"allow":["GET"]}}],"collection":[{"href":"https:\/\/gysinge.100procent.dev\/en\/wp-json\/wp\/v2\/product"}],"about":[{"href":"https:\/\/gysinge.100procent.dev\/en\/wp-json\/wp\/v2\/types\/product"}],"replies":[{"embeddable":true,"href":"https:\/\/gysinge.100procent.dev\/en\/wp-json\/wp\/v2\/comments?post=50125"}],"wp:featuredmedia":[{"embeddable":true,"href":"https:\/\/gysinge.100procent.dev\/en\/wp-json\/wp\/v2\/media\/28314"}],"wp:attachment":[{"href":"https:\/\/gysinge.100procent.dev\/en\/wp-json\/wp\/v2\/media?parent=50125"}],"wp:term":[{"taxonomy":"product_brand","embeddable":true,"href":"https:\/\/gysinge.100procent.dev\/en\/wp-json\/wp\/v2\/product_brand?post=50125"},{"taxonomy":"product_cat","embeddable":true,"href":"https:\/\/gysinge.100procent.dev\/en\/wp-json\/wp\/v2\/product_cat?post=50125"},{"taxonomy":"product_tag","embeddable":true,"href":"https:\/\/gysinge.100procent.dev\/en\/wp-json\/wp\/v2\/product_tag?post=50125"}],"curies":[{"name":"wp","href":"https:\/\/api.w.org\/{rel}","templated":true}]}}