{"id":50123,"date":"2024-11-25T21:47:19","date_gmt":"2024-11-25T20:47:19","guid":{"rendered":"https:\/\/gysinge.100procent.dev\/produkt\/loose-hook-for-curtain-rod-nastgards\/"},"modified":"2025-02-28T16:38:20","modified_gmt":"2025-02-28T15:38:20","slug":"loose-hook-for-curtain-rod-nastgards","status":"publish","type":"product","link":"https:\/\/gysinge.100procent.dev\/en\/produkt\/loose-hook-for-curtain-rod-nastgards\/","title":{"rendered":"Loose hook for curtain rod N\u00e4stg\u00e5rds"},"content":{"rendered":"<p>Hand forged linseed oil burned hook for curtain rod N\u00e4stg\u00e5rds from the mid 1800s. Typical thin rod with elegant hand-turned wooden end knobs. <\/p>\n<p>Linseed oil fired forging. Length 130 mm. Curtain rod N\u00e4stg\u00e5rds can be purchased as separate parts or as a complete curtain rod set.  <\/p>\n<p>The original pole, which comes from the N\u00e4stg\u00e5rds farm in Sterte, \u00d6sterf\u00e4rnebo (one of our exhibition houses), is painted five percent carbon black gray and with knobs in 100 percent carbon black.<\/p>\n<p class=\"p1\">NOTE!!! The price is per piece. <\/p>\n","protected":false},"excerpt":{"rendered":"<p>Hand forged linseed oil burned hook for curtain rod N\u00e4stg\u00e5rds from the mid 1800s. Typical thin rod with elegant hand-turned wooden end knobs. Linseed oil fired forging. Length 130 mm. Curtain rod N\u00e4stg\u00e5rds can be purchased as separate parts or as a complete curtain rod set. The original pole, which comes from the N\u00e4stg\u00e5rds farm [&hellip;]<\/p>\n","protected":false},"featured_media":36828,"comment_status":"open","ping_status":"closed","template":"","meta":{"_acf_changed":false},"product_brand":[],"product_cat":[1129],"product_tag":[],"class_list":{"0":"post-50123","1":"product","2":"type-product","3":"status-publish","4":"has-post-thumbnail","6":"product_cat-curtains-and-accessories","8":"first","9":"instock","10":"taxable","11":"shipping-taxable","12":"purchasable","13":"product-type-simple","14":"add-to-wishlist-before_image"},"acf":[],"_links":{"self":[{"href":"https:\/\/gysinge.100procent.dev\/en\/wp-json\/wp\/v2\/product\/50123","targetHints":{"allow":["GET"]}}],"collection":[{"href":"https:\/\/gysinge.100procent.dev\/en\/wp-json\/wp\/v2\/product"}],"about":[{"href":"https:\/\/gysinge.100procent.dev\/en\/wp-json\/wp\/v2\/types\/product"}],"replies":[{"embeddable":true,"href":"https:\/\/gysinge.100procent.dev\/en\/wp-json\/wp\/v2\/comments?post=50123"}],"wp:featuredmedia":[{"embeddable":true,"href":"https:\/\/gysinge.100procent.dev\/en\/wp-json\/wp\/v2\/media\/36828"}],"wp:attachment":[{"href":"https:\/\/gysinge.100procent.dev\/en\/wp-json\/wp\/v2\/media?parent=50123"}],"wp:term":[{"taxonomy":"product_brand","embeddable":true,"href":"https:\/\/gysinge.100procent.dev\/en\/wp-json\/wp\/v2\/product_brand?post=50123"},{"taxonomy":"product_cat","embeddable":true,"href":"https:\/\/gysinge.100procent.dev\/en\/wp-json\/wp\/v2\/product_cat?post=50123"},{"taxonomy":"product_tag","embeddable":true,"href":"https:\/\/gysinge.100procent.dev\/en\/wp-json\/wp\/v2\/product_tag?post=50123"}],"curies":[{"name":"wp","href":"https:\/\/api.w.org\/{rel}","templated":true}]}}