{"id":50118,"date":"2024-11-25T21:47:16","date_gmt":"2024-11-25T20:47:16","guid":{"rendered":"https:\/\/gysinge.100procent.dev\/produkt\/curtain-rod-nastgards-complete\/"},"modified":"2025-02-28T16:38:18","modified_gmt":"2025-02-28T15:38:18","slug":"curtain-rod-nastgards-complete","status":"publish","type":"product","link":"https:\/\/gysinge.100procent.dev\/en\/produkt\/curtain-rod-nastgards-complete\/","title":{"rendered":"Curtain rod N\u00e4stg\u00e5rds, complete"},"content":{"rendered":"<p>Curtain rod from the mid-19th century, typical thin rod with elegant hand-turned end knobs in birch. Attached to the wall using hand-forged screw hooks. <\/p>\n<p>The original pole, which comes from the farm N\u00e4stg\u00e5rds in Sterte, \u00d6sterf\u00e4rnebo (now one of our exhibition houses) was painted with 5 percent carbon black gray and with buds in 100 percent carbon black.<\/p>\n<p>The hooks are linseed oil burnt and therefore black.<\/p><\/p>\n","protected":false},"excerpt":{"rendered":"<\/p>\n<p>Unpainted. Stem pine. Knobs birch. Hooks iron forging. Length 165 cm including knobs.    <\/p>\n","protected":false},"featured_media":28312,"comment_status":"open","ping_status":"closed","template":"","meta":{"_acf_changed":false},"product_brand":[],"product_cat":[1129],"product_tag":[],"class_list":{"0":"post-50118","1":"product","2":"type-product","3":"status-publish","4":"has-post-thumbnail","6":"product_cat-curtains-and-accessories","7":"product_shipping_class-additional-shipping-100-en","9":"first","10":"instock","11":"taxable","12":"shipping-taxable","13":"purchasable","14":"product-type-simple","15":"add-to-wishlist-before_image"},"acf":[],"_links":{"self":[{"href":"https:\/\/gysinge.100procent.dev\/en\/wp-json\/wp\/v2\/product\/50118","targetHints":{"allow":["GET"]}}],"collection":[{"href":"https:\/\/gysinge.100procent.dev\/en\/wp-json\/wp\/v2\/product"}],"about":[{"href":"https:\/\/gysinge.100procent.dev\/en\/wp-json\/wp\/v2\/types\/product"}],"replies":[{"embeddable":true,"href":"https:\/\/gysinge.100procent.dev\/en\/wp-json\/wp\/v2\/comments?post=50118"}],"wp:featuredmedia":[{"embeddable":true,"href":"https:\/\/gysinge.100procent.dev\/en\/wp-json\/wp\/v2\/media\/28312"}],"wp:attachment":[{"href":"https:\/\/gysinge.100procent.dev\/en\/wp-json\/wp\/v2\/media?parent=50118"}],"wp:term":[{"taxonomy":"product_brand","embeddable":true,"href":"https:\/\/gysinge.100procent.dev\/en\/wp-json\/wp\/v2\/product_brand?post=50118"},{"taxonomy":"product_cat","embeddable":true,"href":"https:\/\/gysinge.100procent.dev\/en\/wp-json\/wp\/v2\/product_cat?post=50118"},{"taxonomy":"product_tag","embeddable":true,"href":"https:\/\/gysinge.100procent.dev\/en\/wp-json\/wp\/v2\/product_tag?post=50118"}],"curies":[{"name":"wp","href":"https:\/\/api.w.org\/{rel}","templated":true}]}}