{"id":50102,"date":"2024-11-25T21:46:56","date_gmt":"2024-11-25T20:46:56","guid":{"rendered":"https:\/\/gysinge.100procent.dev\/produkt\/erkasgarden\/"},"modified":"2025-02-28T16:38:08","modified_gmt":"2025-02-28T15:38:08","slug":"erkasgarden","status":"publish","type":"product","link":"https:\/\/gysinge.100procent.dev\/en\/produkt\/erkasgarden\/","title":{"rendered":"Erkasg\u00e5rden"},"content":{"rendered":"<p>Very solid, handmade copy of a large period outdoor lamp from the early 1900s from Erkasg\u00e5rden in \u00c5smundshyttan, Tors\u00e5ker. The frame is painted with black oil paint. White, heavy enamel shade with blue edge. Hand-blown glass cup. Due to its considerable length, Erkasg\u00e5rden can also be used on larger buildings.    <\/p>\n<p>Iron. Length 59 cm. Wall bracket diameter 14 cm. Height 24 cm. Diameter of the screen 30 cm. Sand-cast wall bracket and shade holder. Hand-blown glass cup. Bulb max 75 w. The lamp is S-marked. IP 44.           <\/p>\n","protected":false},"excerpt":{"rendered":"<p>Very solid, handmade copy of a large period outdoor lamp from the early 1900s from Erkasg\u00e5rden in \u00c5smundshyttan, Tors\u00e5ker. The frame is painted with black oil paint. White, heavy enamel shade with blue edge. Hand-blown glass cup. Due to its considerable length, Erkasg\u00e5rden can also be used on larger buildings. Iron. Length 59 cm. Wall [&hellip;]<\/p>\n","protected":false},"featured_media":27594,"comment_status":"open","ping_status":"closed","template":"","meta":{"_acf_changed":false},"product_brand":[],"product_cat":[1097],"product_tag":[],"class_list":{"0":"post-50102","1":"product","2":"type-product","3":"status-publish","4":"has-post-thumbnail","6":"product_cat-outdoor-lighting","8":"first","9":"instock","10":"taxable","11":"shipping-taxable","12":"purchasable","13":"product-type-simple","14":"add-to-wishlist-before_image"},"acf":[],"_links":{"self":[{"href":"https:\/\/gysinge.100procent.dev\/en\/wp-json\/wp\/v2\/product\/50102","targetHints":{"allow":["GET"]}}],"collection":[{"href":"https:\/\/gysinge.100procent.dev\/en\/wp-json\/wp\/v2\/product"}],"about":[{"href":"https:\/\/gysinge.100procent.dev\/en\/wp-json\/wp\/v2\/types\/product"}],"replies":[{"embeddable":true,"href":"https:\/\/gysinge.100procent.dev\/en\/wp-json\/wp\/v2\/comments?post=50102"}],"wp:featuredmedia":[{"embeddable":true,"href":"https:\/\/gysinge.100procent.dev\/en\/wp-json\/wp\/v2\/media\/27594"}],"wp:attachment":[{"href":"https:\/\/gysinge.100procent.dev\/en\/wp-json\/wp\/v2\/media?parent=50102"}],"wp:term":[{"taxonomy":"product_brand","embeddable":true,"href":"https:\/\/gysinge.100procent.dev\/en\/wp-json\/wp\/v2\/product_brand?post=50102"},{"taxonomy":"product_cat","embeddable":true,"href":"https:\/\/gysinge.100procent.dev\/en\/wp-json\/wp\/v2\/product_cat?post=50102"},{"taxonomy":"product_tag","embeddable":true,"href":"https:\/\/gysinge.100procent.dev\/en\/wp-json\/wp\/v2\/product_tag?post=50102"}],"curies":[{"name":"wp","href":"https:\/\/api.w.org\/{rel}","templated":true}]}}