{"id":50042,"date":"2024-07-12T15:32:47","date_gmt":"2024-07-12T13:32:47","guid":{"rendered":"https:\/\/gysinge.100procent.dev\/produkt\/wallpaper-sample-border-farnebo\/"},"modified":"2025-02-28T16:37:37","modified_gmt":"2025-02-28T15:37:37","slug":"wallpaper-sample-border-farnebo","status":"publish","type":"product","link":"https:\/\/gysinge.100procent.dev\/en\/produkt\/wallpaper-sample-border-farnebo\/","title":{"rendered":"Wallpaper sample border F\u00e4rnebo"},"content":{"rendered":"<p>Sample of B\u00e5rd F\u00e4rnebo.<\/p>\n<p>approximately 50 cm  <\/p>\n","protected":false},"excerpt":{"rendered":"<p>Sample of B\u00e5rd F\u00e4rnebo. approximately 50 cm<\/p>\n","protected":false},"featured_media":37410,"comment_status":"open","ping_status":"closed","template":"","meta":{"_acf_changed":false},"product_brand":[],"product_cat":[1048],"product_tag":[],"class_list":{"0":"post-50042","1":"product","2":"type-product","3":"status-publish","4":"has-post-thumbnail","6":"product_cat-wallpapers-and-borders","8":"first","9":"instock","10":"taxable","11":"shipping-taxable","12":"purchasable","13":"product-type-simple","14":"add-to-wishlist-before_image"},"acf":[],"_links":{"self":[{"href":"https:\/\/gysinge.100procent.dev\/en\/wp-json\/wp\/v2\/product\/50042","targetHints":{"allow":["GET"]}}],"collection":[{"href":"https:\/\/gysinge.100procent.dev\/en\/wp-json\/wp\/v2\/product"}],"about":[{"href":"https:\/\/gysinge.100procent.dev\/en\/wp-json\/wp\/v2\/types\/product"}],"replies":[{"embeddable":true,"href":"https:\/\/gysinge.100procent.dev\/en\/wp-json\/wp\/v2\/comments?post=50042"}],"wp:featuredmedia":[{"embeddable":true,"href":"https:\/\/gysinge.100procent.dev\/en\/wp-json\/wp\/v2\/media\/37410"}],"wp:attachment":[{"href":"https:\/\/gysinge.100procent.dev\/en\/wp-json\/wp\/v2\/media?parent=50042"}],"wp:term":[{"taxonomy":"product_brand","embeddable":true,"href":"https:\/\/gysinge.100procent.dev\/en\/wp-json\/wp\/v2\/product_brand?post=50042"},{"taxonomy":"product_cat","embeddable":true,"href":"https:\/\/gysinge.100procent.dev\/en\/wp-json\/wp\/v2\/product_cat?post=50042"},{"taxonomy":"product_tag","embeddable":true,"href":"https:\/\/gysinge.100procent.dev\/en\/wp-json\/wp\/v2\/product_tag?post=50042"}],"curies":[{"name":"wp","href":"https:\/\/api.w.org\/{rel}","templated":true}]}}