{"id":38397,"date":"2024-11-25T21:46:46","date_gmt":"2024-11-25T20:46:46","guid":{"rendered":"https:\/\/gysinge.100procent.dev\/?post_type=product&#038;p=38397"},"modified":"2025-05-20T07:43:08","modified_gmt":"2025-05-20T05:43:08","slug":"grind-och-portstopp","status":"publish","type":"product","link":"https:\/\/gysinge.100procent.dev\/en\/produkt\/grind-och-portstopp\/","title":{"rendered":"Grind- och portstopp"},"content":{"rendered":"<p>Grindstolpar som r\u00f6r sig, grindg\u00e5ngj\u00e4rn som slits ner, grindar som sjunker, allt detta p\u00e5verkar om en grind g\u00e5r i l\u00e5s eller inte. I s\u00e5dana besv\u00e4rliga l\u00e4gen \u00e4r en gammaldags grindstopp betydligt b\u00e4ttre \u00e4n ett ordin\u00e4rt grindl\u00e5s. En grindstopp \u00e4r tung och tyngden g\u00f6r att den sjunker ordentligt ner i marken av sig sj\u00e4lv. Man beh\u00f6ver allts\u00e5 inte g\u00f6ra n\u00e5got speciellt h\u00e5l f\u00f6r den. Den spetsiga avslutningen g\u00f6r att den sitter fast \u00e4ven i bl\u00e5siga l\u00e4gen och p\u00e5 h\u00e5rd markyta. Har man en pargrind utan grindl\u00e5s monterar man en grindstopp p\u00e5 varje grindhalva. Har man redan ett grindl\u00e5s p\u00e5 ena halvan blir grindstoppen det perfekta s\u00e4ttet att f\u00e5 den fasta halvan att st\u00e5 stilla. Ytterligare en f\u00f6rdel med grindstoppen \u00e4r att grinden kan l\u00e5sas i \u00f6ppet l\u00e4ge. I vilket l\u00e4ge man \u00e4n v\u00e4ljer att ha grinden s\u00e5 sitter den stadigt fast med en grindstopp. Grindstoppen har ytterligare en sj\u00e4lvklar anv\u00e4ndning s\u00e5 som stopp till uthusportar och d\u00f6rrar.<\/p>\n<p>Grindstoppen monteras med speciella platta m\u00e4rlor som medf\u00f6ljer (f\u00f6rborra!) och l\u00e4mnas om\u00e5lad, eller m\u00e5las in i grindens f\u00e4rg.<\/p>\n<p>L\u00e4ngd 97 cm<\/p>\n<p>Bredd 2,5 cm<\/p>\n<p>&nbsp;<\/p>\n","protected":false},"excerpt":{"rendered":"<p>Handsmitt j\u00e4rn. Upprullad \u00e4nde upptill, v\u00e4ssad nertill. Tv\u00e5 handsmidda m\u00e4rlor ing\u00e5r. Obehandlad (kan m\u00e5las, eller helt enkelt l\u00e4mnas att rosta). L\u00e4ngd 93cm, bredd 4cm.<\/p>\n","protected":false},"featured_media":28437,"comment_status":"open","ping_status":"closed","template":"","meta":{"_acf_changed":false},"product_brand":[],"product_cat":[884],"product_tag":[],"class_list":{"0":"post-38397","1":"product","2":"type-product","3":"status-publish","4":"has-post-thumbnail","6":"product_cat-smide-och-jarn","8":"first","9":"instock","10":"taxable","11":"shipping-taxable","12":"purchasable","13":"product-type-simple","14":"add-to-wishlist-before_image"},"acf":[],"_links":{"self":[{"href":"https:\/\/gysinge.100procent.dev\/en\/wp-json\/wp\/v2\/product\/38397","targetHints":{"allow":["GET"]}}],"collection":[{"href":"https:\/\/gysinge.100procent.dev\/en\/wp-json\/wp\/v2\/product"}],"about":[{"href":"https:\/\/gysinge.100procent.dev\/en\/wp-json\/wp\/v2\/types\/product"}],"replies":[{"embeddable":true,"href":"https:\/\/gysinge.100procent.dev\/en\/wp-json\/wp\/v2\/comments?post=38397"}],"wp:featuredmedia":[{"embeddable":true,"href":"https:\/\/gysinge.100procent.dev\/en\/wp-json\/wp\/v2\/media\/28437"}],"wp:attachment":[{"href":"https:\/\/gysinge.100procent.dev\/en\/wp-json\/wp\/v2\/media?parent=38397"}],"wp:term":[{"taxonomy":"product_brand","embeddable":true,"href":"https:\/\/gysinge.100procent.dev\/en\/wp-json\/wp\/v2\/product_brand?post=38397"},{"taxonomy":"product_cat","embeddable":true,"href":"https:\/\/gysinge.100procent.dev\/en\/wp-json\/wp\/v2\/product_cat?post=38397"},{"taxonomy":"product_tag","embeddable":true,"href":"https:\/\/gysinge.100procent.dev\/en\/wp-json\/wp\/v2\/product_tag?post=38397"}],"curies":[{"name":"wp","href":"https:\/\/api.w.org\/{rel}","templated":true}]}}